{"id":656,"date":"2026-04-02T09:30:29","date_gmt":"2026-04-02T09:30:29","guid":{"rendered":"https:\/\/prestigiooptica.ao\/?post_type=product&#038;p=656"},"modified":"2026-04-07T06:22:00","modified_gmt":"2026-04-07T06:22:00","slug":"opti-accessories-usa-spray-limpa-oculos-formula-anti-fog","status":"publish","type":"product","link":"https:\/\/prestigiooptica.ao\/index.php\/produto\/opti-accessories-usa-spray-limpa-oculos-formula-anti-fog\/","title":{"rendered":"Opti+ Accessories USA \u2013 Spray Limpa \u00d3culos  F\u00f3rmula  (Anti-Fog)"},"content":{"rendered":"<div><\/div>\n<div><\/div>\n<div>Tipo: Solu\u00e7\u00e3o de limpeza para lentes de \u00f3culos com efeito anti-emba\u00e7ante.<\/div>\n<div><\/div>\n<div>Indica\u00e7\u00e3o<\/div>\n<div>\u2022Limpeza de lentes de \u00f3culos (grau ou sol).<\/div>\n<div>\u2022Remove poeira, gordura, marcas de dedos e sujeira.<\/div>\n<div>\u2022Ajuda a evitar o emba\u00e7amento das lentes.<\/div>\n<div><\/div>\n<div>Modo de usar<\/div>\n<div>1.Borrife o spray diretamente nas lentes.<\/div>\n<div>2.Espalhe com um pano de microfibra limpo.<\/div>\n<div>3.Fa\u00e7a movimentos suaves at\u00e9 a lente ficar limpa e seca.<\/div>\n<div><\/div>\n<div>Composi\u00e7\u00e3o (geral para sprays desse tipo)<\/div>\n<div>\u2022\u00c1gua ou ve\u00edculo aquoso<\/div>\n<div>\u2022Agente de limpeza (detergente suave)<\/div>\n<div>\u2022Solventes leves<\/div>\n<div>\u2022Conservantes<\/div>\n<div>\u2022Perfume ou corante (dependendo da marca)<\/div>\n<div><\/div>\n<div>Precau\u00e7\u00f5es<\/div>\n<div>\u2022N\u00e3o ingerir.<\/div>\n<div>\u2022Evitar contato direto com os olhos.<\/div>\n<div>\u2022Manter fora do alcance de crian\u00e7as.<\/div>\n<div>\u2022Em caso de contato com os olhos, lavar com \u00e1gua em abund\u00e2ncia.<\/div>\n<div><\/div>\n<div>Armazenamento<\/div>\n<div>\u2022Guardar bem fechado.<\/div>\n<div>\u2022Manter em local seco e ventilado.<\/div>\n","protected":false},"excerpt":{"rendered":"<p>Tipo: Solu\u00e7\u00e3o de limpeza para lentes de \u00f3culos com efeito anti-emba\u00e7ante. Indica\u00e7\u00e3o \u2022Limpeza de lentes de \u00f3culos (grau ou sol). \u2022Remove poeira, gordura, marcas de dedos e sujeira. \u2022Ajuda a evitar o emba\u00e7amento das lentes. Modo de usar 1.Borrife o spray diretamente nas lentes. 2.Espalhe com um pano de microfibra limpo. 3.Fa\u00e7a movimentos suaves at\u00e9&#8230;<\/p>\n","protected":false},"featured_media":657,"comment_status":"open","ping_status":"closed","template":"","meta":{"_kad_post_transparent":"default","_kad_post_title":"","_kad_post_layout":"default","_kad_post_sidebar_id":"","_kad_post_content_style":"default","_kad_post_vertical_padding":"default","_kad_post_feature":"","_kad_post_feature_position":"","_kad_post_header":false,"_kad_post_footer":false,"_kad_post_classname":""},"product_brand":[],"product_cat":[35],"product_tag":[],"class_list":{"0":"post-656","1":"product","2":"type-product","3":"status-publish","4":"has-post-thumbnail","6":"product_cat-kit-de-limpeza","8":"first","9":"instock","10":"shipping-taxable","11":"purchasable","12":"product-type-simple","13":"entry","14":"content-bg","15":"loop-entry"},"_links":{"self":[{"href":"https:\/\/prestigiooptica.ao\/index.php\/wp-json\/wp\/v2\/product\/656","targetHints":{"allow":["GET"]}}],"collection":[{"href":"https:\/\/prestigiooptica.ao\/index.php\/wp-json\/wp\/v2\/product"}],"about":[{"href":"https:\/\/prestigiooptica.ao\/index.php\/wp-json\/wp\/v2\/types\/product"}],"replies":[{"embeddable":true,"href":"https:\/\/prestigiooptica.ao\/index.php\/wp-json\/wp\/v2\/comments?post=656"}],"wp:featuredmedia":[{"embeddable":true,"href":"https:\/\/prestigiooptica.ao\/index.php\/wp-json\/wp\/v2\/media\/657"}],"wp:attachment":[{"href":"https:\/\/prestigiooptica.ao\/index.php\/wp-json\/wp\/v2\/media?parent=656"}],"wp:term":[{"taxonomy":"product_brand","embeddable":true,"href":"https:\/\/prestigiooptica.ao\/index.php\/wp-json\/wp\/v2\/product_brand?post=656"},{"taxonomy":"product_cat","embeddable":true,"href":"https:\/\/prestigiooptica.ao\/index.php\/wp-json\/wp\/v2\/product_cat?post=656"},{"taxonomy":"product_tag","embeddable":true,"href":"https:\/\/prestigiooptica.ao\/index.php\/wp-json\/wp\/v2\/product_tag?post=656"}],"curies":[{"name":"wp","href":"https:\/\/api.w.org\/{rel}","templated":true}]}}