{"id":658,"date":"2026-04-02T09:42:59","date_gmt":"2026-04-02T09:42:59","guid":{"rendered":"https:\/\/prestigiooptica.ao\/?post_type=product&#038;p=658"},"modified":"2026-04-07T06:20:19","modified_gmt":"2026-04-07T06:20:19","slug":"oftalens-spray-de-limpeza-de-lentes","status":"publish","type":"product","link":"https:\/\/prestigiooptica.ao\/index.php\/produto\/oftalens-spray-de-limpeza-de-lentes\/","title":{"rendered":"OFTALENS \u2013 Spray de limpeza de lentes"},"content":{"rendered":"<div>OFTALENS \u2013 Spray de limpeza de lentes<\/div>\n<div><\/div>\n<div>Tipo: Spray para limpeza de lentes \u00f3pticas.<\/div>\n<div><\/div>\n<div>Indica\u00e7\u00e3o<\/div>\n<div>\u2022Limpeza de:<\/div>\n<div>\u2022\u00f3culos de grau<\/div>\n<div>\u2022\u00f3culos de sol<\/div>\n<div>\u2022lentes com tratamento antirreflexo<\/div>\n<div>\u2022Remove:<\/div>\n<div>\u2022poeira<\/div>\n<div>\u2022gordura<\/div>\n<div>\u2022marcas de dedos<\/div>\n<div><\/div>\n<div>Modo de usar<\/div>\n<div>1.Borrifar pequena quantidade nas lentes.<\/div>\n<div>2.Limpar com pano de microfibra ou flanela pr\u00f3pria.<\/div>\n<div>3.Repetir se necess\u00e1rio at\u00e9 remover toda a sujeira.<\/div>\n<div><\/div>\n<div>Composi\u00e7\u00e3o t\u00edpica<\/div>\n<div><\/div>\n<div>Pode conter:<\/div>\n<div>\u2022\u00c1lcool isoprop\u00edlico (agente de limpeza)<\/div>\n<div>\u2022Solvente<\/div>\n<div>\u2022Umectante<\/div>\n<div>\u2022Sequestrante<\/div>\n<div>\u2022Ve\u00edculo aquoso<\/div>\n<div>\u2022Corante ou perfume<\/div>\n<div><\/div>\n<div>Precau\u00e7\u00f5es<\/div>\n<div>\u2022N\u00e3o ingerir.<\/div>\n<div>\u2022Evitar contato com olhos e pele.<\/div>\n<div>\u2022Suspender o uso se causar irrita\u00e7\u00e3o.<\/div>\n<div>\u2022Manter fora do alcance de crian\u00e7as.<\/div>\n<div><\/div>\n<div>Armazenamento<\/div>\n<div>\u2022Conservar na embalagem original.<\/div>\n<div>\u2022Manter fechado e longe de calor excessivo.<\/div>\n","protected":false},"excerpt":{"rendered":"<p><a href=\"https:\/\/prestigiooptica.ao\/wp-content\/uploads\/2026\/04\/Gemini_Generated_Image_v1h769v1h769v1h7.png\"><img fetchpriority=\"high\" decoding=\"async\" class=\"alignnone size-medium wp-image-659\" src=\"https:\/\/prestigiooptica.ao\/wp-content\/uploads\/2026\/04\/Gemini_Generated_Image_v1h769v1h769v1h7-300x300.png\" alt=\"\" width=\"300\" height=\"300\" srcset=\"https:\/\/prestigiooptica.ao\/wp-content\/uploads\/2026\/04\/Gemini_Generated_Image_v1h769v1h769v1h7-300x300.png 300w, https:\/\/prestigiooptica.ao\/wp-content\/uploads\/2026\/04\/Gemini_Generated_Image_v1h769v1h769v1h7-150x150.png 150w, https:\/\/prestigiooptica.ao\/wp-content\/uploads\/2026\/04\/Gemini_Generated_Image_v1h769v1h769v1h7-768x768.png 768w, https:\/\/prestigiooptica.ao\/wp-content\/uploads\/2026\/04\/Gemini_Generated_Image_v1h769v1h769v1h7-600x600.png 600w, https:\/\/prestigiooptica.ao\/wp-content\/uploads\/2026\/04\/Gemini_Generated_Image_v1h769v1h769v1h7-100x100.png 100w, https:\/\/prestigiooptica.ao\/wp-content\/uploads\/2026\/04\/Gemini_Generated_Image_v1h769v1h769v1h7.png 1024w\" sizes=\"(max-width: 300px) 100vw, 300px\" \/><\/a><\/p>\n","protected":false},"featured_media":659,"comment_status":"open","ping_status":"closed","template":"","meta":{"_kad_post_transparent":"default","_kad_post_title":"","_kad_post_layout":"default","_kad_post_sidebar_id":"","_kad_post_content_style":"default","_kad_post_vertical_padding":"default","_kad_post_feature":"","_kad_post_feature_position":"","_kad_post_header":false,"_kad_post_footer":false,"_kad_post_classname":""},"product_brand":[],"product_cat":[35],"product_tag":[],"class_list":{"0":"post-658","1":"product","2":"type-product","3":"status-publish","4":"has-post-thumbnail","6":"product_cat-kit-de-limpeza","8":"first","9":"instock","10":"shipping-taxable","11":"purchasable","12":"product-type-simple","13":"entry","14":"content-bg","15":"loop-entry"},"_links":{"self":[{"href":"https:\/\/prestigiooptica.ao\/index.php\/wp-json\/wp\/v2\/product\/658","targetHints":{"allow":["GET"]}}],"collection":[{"href":"https:\/\/prestigiooptica.ao\/index.php\/wp-json\/wp\/v2\/product"}],"about":[{"href":"https:\/\/prestigiooptica.ao\/index.php\/wp-json\/wp\/v2\/types\/product"}],"replies":[{"embeddable":true,"href":"https:\/\/prestigiooptica.ao\/index.php\/wp-json\/wp\/v2\/comments?post=658"}],"wp:featuredmedia":[{"embeddable":true,"href":"https:\/\/prestigiooptica.ao\/index.php\/wp-json\/wp\/v2\/media\/659"}],"wp:attachment":[{"href":"https:\/\/prestigiooptica.ao\/index.php\/wp-json\/wp\/v2\/media?parent=658"}],"wp:term":[{"taxonomy":"product_brand","embeddable":true,"href":"https:\/\/prestigiooptica.ao\/index.php\/wp-json\/wp\/v2\/product_brand?post=658"},{"taxonomy":"product_cat","embeddable":true,"href":"https:\/\/prestigiooptica.ao\/index.php\/wp-json\/wp\/v2\/product_cat?post=658"},{"taxonomy":"product_tag","embeddable":true,"href":"https:\/\/prestigiooptica.ao\/index.php\/wp-json\/wp\/v2\/product_tag?post=658"}],"curies":[{"name":"wp","href":"https:\/\/api.w.org\/{rel}","templated":true}]}}