{"id":687,"date":"2026-04-29T13:06:16","date_gmt":"2026-04-29T13:06:16","guid":{"rendered":"https:\/\/prestigiooptica.ao\/?post_type=product&#038;p=687"},"modified":"2026-04-29T13:06:16","modified_gmt":"2026-04-29T13:06:16","slug":"armacao-retangular-padrao-estilo-classico-e-sofisticado","status":"publish","type":"product","link":"https:\/\/prestigiooptica.ao\/index.php\/produto\/armacao-retangular-padrao-estilo-classico-e-sofisticado\/","title":{"rendered":"Arma\u00e7\u00e3o Retangular Padr\u00e3o \u2013 Estilo Cl\u00e1ssico e Sofisticado"},"content":{"rendered":"<h3>Descri\u00e7\u00e3o da Arma\u00e7\u00e3o<\/h3>\n<p><strong>Arma\u00e7\u00e3o Retangular Padr\u00e3o \u2013 Estilo Cl\u00e1ssico e Sofisticado<\/strong><\/p>\n<p>Um modelo vers\u00e1til que nunca sai de moda:<\/p>\n<ul>\n<li><strong>Formato retangular<\/strong>, ideal para rostos que procuram equil\u00edbrio e linhas definidas.<\/li>\n<li><strong>Acetato com padr\u00e3o tartaruga<\/strong>, em tons de castanho, preto e creme, conferindo eleg\u00e2ncia e distin\u00e7\u00e3o.<\/li>\n<li><strong>Acabamento polido<\/strong>, que real\u00e7a a textura e o brilho natural da arma\u00e7\u00e3o.<\/li>\n<li><strong>Hastes resistentes com medidas vis\u00edveis<\/strong>, garantindo durabilidade e adapta\u00e7\u00e3o perfeita.<\/li>\n<li><strong>Lentes transparentes<\/strong>, prontas para receber diferentes tipos de gradua\u00e7\u00e3o.<\/li>\n<\/ul>\n<p>Uma escolha cl\u00e1ssica e sofisticada, perfeita para quem valoriza tradi\u00e7\u00e3o com um toque moderno.<\/p>\n<div><\/div>\n","protected":false},"excerpt":{"rendered":"<p>Descri\u00e7\u00e3o da Arma\u00e7\u00e3o Arma\u00e7\u00e3o Retangular Padr\u00e3o \u2013 Estilo Cl\u00e1ssico e Sofisticado Um modelo vers\u00e1til que nunca sai de moda: Formato retangular, ideal para rostos que procuram equil\u00edbrio e linhas definidas. Acetato com padr\u00e3o tartaruga, em tons de castanho, preto e creme, conferindo eleg\u00e2ncia e distin\u00e7\u00e3o. Acabamento polido, que real\u00e7a a textura e o brilho natural&#8230;<\/p>\n","protected":false},"featured_media":688,"comment_status":"open","ping_status":"closed","template":"","meta":{"_kad_post_transparent":"default","_kad_post_title":"","_kad_post_layout":"default","_kad_post_sidebar_id":"","_kad_post_content_style":"default","_kad_post_vertical_padding":"default","_kad_post_feature":"","_kad_post_feature_position":"","_kad_post_header":false,"_kad_post_footer":false,"_kad_post_classname":""},"product_brand":[25],"product_cat":[19],"product_tag":[],"class_list":{"0":"post-687","1":"product","2":"type-product","3":"status-publish","4":"has-post-thumbnail","6":"product_brand-fatima-lopes","7":"product_cat-sem-categoria","9":"first","10":"instock","11":"shipping-taxable","12":"purchasable","13":"product-type-simple","14":"entry","15":"content-bg","16":"loop-entry"},"_links":{"self":[{"href":"https:\/\/prestigiooptica.ao\/index.php\/wp-json\/wp\/v2\/product\/687","targetHints":{"allow":["GET"]}}],"collection":[{"href":"https:\/\/prestigiooptica.ao\/index.php\/wp-json\/wp\/v2\/product"}],"about":[{"href":"https:\/\/prestigiooptica.ao\/index.php\/wp-json\/wp\/v2\/types\/product"}],"replies":[{"embeddable":true,"href":"https:\/\/prestigiooptica.ao\/index.php\/wp-json\/wp\/v2\/comments?post=687"}],"wp:featuredmedia":[{"embeddable":true,"href":"https:\/\/prestigiooptica.ao\/index.php\/wp-json\/wp\/v2\/media\/688"}],"wp:attachment":[{"href":"https:\/\/prestigiooptica.ao\/index.php\/wp-json\/wp\/v2\/media?parent=687"}],"wp:term":[{"taxonomy":"product_brand","embeddable":true,"href":"https:\/\/prestigiooptica.ao\/index.php\/wp-json\/wp\/v2\/product_brand?post=687"},{"taxonomy":"product_cat","embeddable":true,"href":"https:\/\/prestigiooptica.ao\/index.php\/wp-json\/wp\/v2\/product_cat?post=687"},{"taxonomy":"product_tag","embeddable":true,"href":"https:\/\/prestigiooptica.ao\/index.php\/wp-json\/wp\/v2\/product_tag?post=687"}],"curies":[{"name":"wp","href":"https:\/\/api.w.org\/{rel}","templated":true}]}}