{"id":696,"date":"2026-04-30T12:20:05","date_gmt":"2026-04-30T12:20:05","guid":{"rendered":"https:\/\/prestigiooptica.ao\/?post_type=product&#038;p=696"},"modified":"2026-04-30T12:20:06","modified_gmt":"2026-04-30T12:20:06","slug":"verde-leveza","status":"publish","type":"product","link":"https:\/\/prestigiooptica.ao\/index.php\/produto\/verde-leveza\/","title":{"rendered":"Verde Leveza"},"content":{"rendered":"<h3>Descri\u00e7\u00e3o da Arma\u00e7\u00e3o<\/h3>\n<p><strong>Arma\u00e7\u00e3o Met\u00e1lica Verde &amp; Preto \u2013 Leveza e Modernidade<\/strong><\/p>\n<p>Um modelo elegante e funcional, pensado para quem valoriza conforto e estilo:<\/p>\n<ul>\n<li><strong>Estrutura met\u00e1lica fina em a\u00e7o inoxid\u00e1vel<\/strong>, resistente e duradoura.<\/li>\n<li><strong>Formato retangular leve<\/strong>, ideal para real\u00e7ar tra\u00e7os faciais com discri\u00e7\u00e3o.<\/li>\n<li><strong>Hastes verdes com ponteiras pretas<\/strong>, acrescentando um toque moderno e diferenciado.<\/li>\n<li><strong>Apoios nasais ajust\u00e1veis<\/strong>, garantindo adapta\u00e7\u00e3o perfeita e conforto prolongado.<\/li>\n<li><strong>Design minimalista<\/strong>, que transmite sofistica\u00e7\u00e3o sem excessos.<\/li>\n<li><strong>Lentes transparentes<\/strong>, prontas para receber qualquer gradua\u00e7\u00e3o.<\/li>\n<li><strong>Detalhes de marca \u201cSTAINLESS STEEL\u201d e \u201cParticularly\u201d<\/strong>, refor\u00e7ando autenticidade e qualidade.<\/li>\n<\/ul>\n<p>Uma escolha vers\u00e1til e moderna, perfeita para quem procura leveza, resist\u00eancia e estilo no dia a dia.<\/p>\n","protected":false},"excerpt":{"rendered":"<p>Descri\u00e7\u00e3o da Arma\u00e7\u00e3o Arma\u00e7\u00e3o Met\u00e1lica Verde &amp; Preto \u2013 Leveza e Modernidade Um modelo elegante e funcional, pensado para quem valoriza conforto e estilo: Estrutura met\u00e1lica fina em a\u00e7o inoxid\u00e1vel, resistente e duradoura. Formato retangular leve, ideal para real\u00e7ar tra\u00e7os faciais com discri\u00e7\u00e3o. Hastes verdes com ponteiras pretas, acrescentando um toque moderno e diferenciado. Apoios&#8230;<\/p>\n","protected":false},"featured_media":697,"comment_status":"open","ping_status":"closed","template":"","meta":{"_kad_post_transparent":"default","_kad_post_title":"","_kad_post_layout":"default","_kad_post_sidebar_id":"","_kad_post_content_style":"default","_kad_post_vertical_padding":"default","_kad_post_feature":"","_kad_post_feature_position":"","_kad_post_header":false,"_kad_post_footer":false,"_kad_post_classname":""},"product_brand":[38],"product_cat":[27],"product_tag":[],"class_list":{"0":"post-696","1":"product","2":"type-product","3":"status-publish","4":"has-post-thumbnail","6":"product_brand-stainless-steel","7":"product_cat-armacoes","9":"first","10":"instock","11":"shipping-taxable","12":"purchasable","13":"product-type-simple","14":"entry","15":"content-bg","16":"loop-entry"},"_links":{"self":[{"href":"https:\/\/prestigiooptica.ao\/index.php\/wp-json\/wp\/v2\/product\/696","targetHints":{"allow":["GET"]}}],"collection":[{"href":"https:\/\/prestigiooptica.ao\/index.php\/wp-json\/wp\/v2\/product"}],"about":[{"href":"https:\/\/prestigiooptica.ao\/index.php\/wp-json\/wp\/v2\/types\/product"}],"replies":[{"embeddable":true,"href":"https:\/\/prestigiooptica.ao\/index.php\/wp-json\/wp\/v2\/comments?post=696"}],"wp:featuredmedia":[{"embeddable":true,"href":"https:\/\/prestigiooptica.ao\/index.php\/wp-json\/wp\/v2\/media\/697"}],"wp:attachment":[{"href":"https:\/\/prestigiooptica.ao\/index.php\/wp-json\/wp\/v2\/media?parent=696"}],"wp:term":[{"taxonomy":"product_brand","embeddable":true,"href":"https:\/\/prestigiooptica.ao\/index.php\/wp-json\/wp\/v2\/product_brand?post=696"},{"taxonomy":"product_cat","embeddable":true,"href":"https:\/\/prestigiooptica.ao\/index.php\/wp-json\/wp\/v2\/product_cat?post=696"},{"taxonomy":"product_tag","embeddable":true,"href":"https:\/\/prestigiooptica.ao\/index.php\/wp-json\/wp\/v2\/product_tag?post=696"}],"curies":[{"name":"wp","href":"https:\/\/api.w.org\/{rel}","templated":true}]}}